{"id":189,"date":"2021-08-23T04:49:49","date_gmt":"2021-08-23T04:49:49","guid":{"rendered":"https:\/\/www.villaserre.com\/?page_id=189"},"modified":"2024-08-30T00:06:04","modified_gmt":"2024-08-30T00:06:04","slug":"certificaciones","status":"publish","type":"page","link":"https:\/\/villaserre.com\/en\/certificaciones\/","title":{"rendered":"Certifications"},"content":{"rendered":"<div data-elementor-type=\"wp-page\" data-elementor-id=\"189\" class=\"elementor elementor-189\">\n\t\t\t\t\t\t\t\t\t<section class=\"elementor-section elementor-top-section elementor-element elementor-element-2758d62 elementor-section-boxed elementor-section-height-default elementor-section-height-default\" data-id=\"2758d62\" data-element_type=\"section\">\n\t\t\t\t\t\t<div class=\"elementor-container elementor-column-gap-default\">\n\t\t\t\t\t<div class=\"elementor-column elementor-col-100 elementor-top-column elementor-element elementor-element-07f787d\" data-id=\"07f787d\" data-element_type=\"column\">\n\t\t\t<div class=\"elementor-widget-wrap elementor-element-populated\">\n\t\t\t\t\t\t\t\t<div class=\"elementor-element elementor-element-3ebf5c3 animated-slow elementor-invisible elementor-widget elementor-widget-heading\" data-id=\"3ebf5c3\" data-element_type=\"widget\" data-settings=\"{&quot;_animation&quot;:&quot;fadeInUp&quot;,&quot;_animation_delay&quot;:700}\" data-widget_type=\"heading.default\">\n\t\t\t\t<div class=\"elementor-widget-container\">\n\t\t\t<style>\/*! elementor - v3.6.7 - 03-07-2022 *\/\n.elementor-heading-title{padding:0;margin:0;line-height:1}.elementor-widget-heading .elementor-heading-title[class*=elementor-size-]>a{color:inherit;font-size:inherit;line-height:inherit}.elementor-widget-heading .elementor-heading-title.elementor-size-small{font-size:15px}.elementor-widget-heading .elementor-heading-title.elementor-size-medium{font-size:19px}.elementor-widget-heading .elementor-heading-title.elementor-size-large{font-size:29px}.elementor-widget-heading .elementor-heading-title.elementor-size-xl{font-size:39px}.elementor-widget-heading .elementor-heading-title.elementor-size-xxl{font-size:59px}<\/style><h2 class=\"elementor-heading-title elementor-size-default\">Our quality guarantee is certified<\/h2>\t\t<\/div>\n\t\t\t\t<\/div>\n\t\t\t\t<div class=\"elementor-element elementor-element-263ad03 animated-slow elementor-invisible elementor-widget elementor-widget-text-editor\" data-id=\"263ad03\" data-element_type=\"widget\" data-settings=\"{&quot;_animation&quot;:&quot;fadeInUp&quot;,&quot;_animation_delay&quot;:800}\" data-widget_type=\"text-editor.default\">\n\t\t\t\t<div class=\"elementor-widget-container\">\n\t\t\t<style>\/*! elementor - v3.6.7 - 03-07-2022 *\/\n.elementor-widget-text-editor.elementor-drop-cap-view-stacked .elementor-drop-cap{background-color:#818a91;color:#fff}.elementor-widget-text-editor.elementor-drop-cap-view-framed .elementor-drop-cap{color:#818a91;border:3px solid;background-color:transparent}.elementor-widget-text-editor:not(.elementor-drop-cap-view-default) .elementor-drop-cap{margin-top:8px}.elementor-widget-text-editor:not(.elementor-drop-cap-view-default) .elementor-drop-cap-letter{width:1em;height:1em}.elementor-widget-text-editor .elementor-drop-cap{float:left;text-align:center;line-height:1;font-size:50px}.elementor-widget-text-editor .elementor-drop-cap-letter{display:inline-block}<\/style>\t\t\t\t<p>Our work is certified with the highest quality\nstandards to provide<\/p><p>you with security in our\nproducts and services.<\/p><p>\u00a0<\/p>\t\t\t\t\t\t<\/div>\n\t\t\t\t<\/div>\n\t\t\t\t\t<\/div>\n\t\t<\/div>\n\t\t\t\t\t\t\t<\/div>\n\t\t<\/section>\n\t\t\t\t<section class=\"elementor-section elementor-top-section elementor-element elementor-element-2826339 elementor-section-boxed elementor-section-height-default elementor-section-height-default elementor-invisible\" data-id=\"2826339\" data-element_type=\"section\" data-settings=\"{&quot;animation&quot;:&quot;fadeInUp&quot;,&quot;animation_delay&quot;:1000}\">\n\t\t\t\t\t\t<div class=\"elementor-container elementor-column-gap-default\">\n\t\t\t\t\t<div class=\"elementor-column elementor-col-20 elementor-top-column elementor-element elementor-element-8c58f1c animated-slow elementor-invisible\" data-id=\"8c58f1c\" data-element_type=\"column\" data-settings=\"{&quot;background_background&quot;:&quot;classic&quot;,&quot;animation&quot;:&quot;fadeInLeft&quot;,&quot;animation_delay&quot;:800}\">\n\t\t\t<div class=\"elementor-widget-wrap elementor-element-populated\">\n\t\t\t\t\t\t\t\t<div class=\"elementor-element elementor-element-b08077b elementor-widget elementor-widget-spacer\" data-id=\"b08077b\" data-element_type=\"widget\" data-widget_type=\"spacer.default\">\n\t\t\t\t<div class=\"elementor-widget-container\">\n\t\t\t<style>\/*! elementor - v3.6.7 - 03-07-2022 *\/\n.e-container.e-container--row .elementor-spacer-inner{width:var(--spacer-size)}.e-container.e-container--column .elementor-spacer-inner,.elementor-column .elementor-spacer-inner{height:var(--spacer-size)}<\/style>\t\t<div class=\"elementor-spacer\">\n\t\t\t<div class=\"elementor-spacer-inner\"><\/div>\n\t\t<\/div>\n\t\t\t\t<\/div>\n\t\t\t\t<\/div>\n\t\t\t\t<div class=\"elementor-element elementor-element-60d01d8 elementor-widget elementor-widget-image\" data-id=\"60d01d8\" data-element_type=\"widget\" data-widget_type=\"image.default\">\n\t\t\t\t<div class=\"elementor-widget-container\">\n\t\t\t<style>\/*! elementor - v3.6.7 - 03-07-2022 *\/\n.elementor-widget-image{text-align:center}.elementor-widget-image a{display:inline-block}.elementor-widget-image a img[src$=\".svg\"]{width:48px}.elementor-widget-image img{vertical-align:middle;display:inline-block}<\/style>\t\t\t\t\t\t\t\t\t\t\t\t<img width=\"282\" height=\"128\" src=\"https:\/\/villaserre.com\/wp-content\/uploads\/2021\/08\/atoms-logotype-certificaciones-color-primus.png\" class=\"elementor-animation-pulse attachment-large size-large\" alt=\"\" style=\"width:100%;height:45.39%;max-width:282px\" \/>\t\t\t\t\t\t\t\t\t\t\t\t\t\t\t<\/div>\n\t\t\t\t<\/div>\n\t\t\t\t<div class=\"elementor-element elementor-element-4e6ae34 elementor-widget elementor-widget-heading\" data-id=\"4e6ae34\" data-element_type=\"widget\" data-widget_type=\"heading.default\">\n\t\t\t\t<div class=\"elementor-widget-container\">\n\t\t\t<h2 class=\"elementor-heading-title elementor-size-default\">Primus Auditing Ops<\/h2>\t\t<\/div>\n\t\t\t\t<\/div>\n\t\t\t\t<div class=\"elementor-element elementor-element-ea8415b elementor-widget elementor-widget-spacer\" data-id=\"ea8415b\" data-element_type=\"widget\" data-widget_type=\"spacer.default\">\n\t\t\t\t<div class=\"elementor-widget-container\">\n\t\t\t\t\t<div class=\"elementor-spacer\">\n\t\t\t<div class=\"elementor-spacer-inner\"><\/div>\n\t\t<\/div>\n\t\t\t\t<\/div>\n\t\t\t\t<\/div>\n\t\t\t\t<div class=\"elementor-element elementor-element-d963a1e elementor-widget elementor-widget-text-editor\" data-id=\"d963a1e\" data-element_type=\"widget\" data-widget_type=\"text-editor.default\">\n\t\t\t\t<div class=\"elementor-widget-container\">\n\t\t\t\t\t\t\t<p>This fully recognized audit scheme verifies\ncompliance with BPA, BPM and food safety\nmanagement systems in all areas. The implementation of safety schemes helps us to detect\nand minimize the dangers of physical, chemical and\nmicrobiological contamination. By implementing this\nscheme, we produce healthy and safe food.<\/p>\t\t\t\t\t\t<\/div>\n\t\t\t\t<\/div>\n\t\t\t\t<div class=\"elementor-element elementor-element-8fde0a3 elementor-widget elementor-widget-spacer\" data-id=\"8fde0a3\" data-element_type=\"widget\" data-widget_type=\"spacer.default\">\n\t\t\t\t<div class=\"elementor-widget-container\">\n\t\t\t\t\t<div class=\"elementor-spacer\">\n\t\t\t<div class=\"elementor-spacer-inner\"><\/div>\n\t\t<\/div>\n\t\t\t\t<\/div>\n\t\t\t\t<\/div>\n\t\t\t\t\t<\/div>\n\t\t<\/div>\n\t\t\t\t<div class=\"elementor-column elementor-col-20 elementor-top-column elementor-element elementor-element-633ae26\" data-id=\"633ae26\" data-element_type=\"column\">\n\t\t\t<div class=\"elementor-widget-wrap\">\n\t\t\t\t\t\t\t\t\t<\/div>\n\t\t<\/div>\n\t\t\t\t<div class=\"elementor-column elementor-col-20 elementor-top-column elementor-element elementor-element-2f49e68 animated-slow elementor-invisible\" data-id=\"2f49e68\" data-element_type=\"column\" data-settings=\"{&quot;background_background&quot;:&quot;classic&quot;,&quot;animation&quot;:&quot;fadeInRight&quot;,&quot;animation_delay&quot;:800}\">\n\t\t\t<div class=\"elementor-widget-wrap elementor-element-populated\">\n\t\t\t\t\t\t\t\t<div class=\"elementor-element elementor-element-289108d elementor-widget elementor-widget-spacer\" data-id=\"289108d\" data-element_type=\"widget\" data-widget_type=\"spacer.default\">\n\t\t\t\t<div class=\"elementor-widget-container\">\n\t\t\t\t\t<div class=\"elementor-spacer\">\n\t\t\t<div class=\"elementor-spacer-inner\"><\/div>\n\t\t<\/div>\n\t\t\t\t<\/div>\n\t\t\t\t<\/div>\n\t\t\t\t<div class=\"elementor-element elementor-element-10aaba3 elementor-widget elementor-widget-image\" data-id=\"10aaba3\" data-element_type=\"widget\" data-widget_type=\"image.default\">\n\t\t\t\t<div class=\"elementor-widget-container\">\n\t\t\t\t\t\t\t\t\t\t\t\t\t\t\t<img width=\"244\" height=\"128\" src=\"https:\/\/villaserre.com\/wp-content\/uploads\/2021\/08\/atoms-logotype-certificaciones-color-esr.png\" class=\"elementor-animation-pulse attachment-large size-large\" alt=\"\" style=\"width:100%;height:52.46%;max-width:244px\" \/>\t\t\t\t\t\t\t\t\t\t\t\t\t\t\t<\/div>\n\t\t\t\t<\/div>\n\t\t\t\t<div class=\"elementor-element elementor-element-27c9c09 elementor-widget elementor-widget-heading\" data-id=\"27c9c09\" data-element_type=\"widget\" data-widget_type=\"heading.default\">\n\t\t\t\t<div class=\"elementor-widget-container\">\n\t\t\t<h2 class=\"elementor-heading-title elementor-size-default\">A Socially Responsible<br>\nCompany<\/h2>\t\t<\/div>\n\t\t\t\t<\/div>\n\t\t\t\t<div class=\"elementor-element elementor-element-3c731c1 elementor-widget elementor-widget-text-editor\" data-id=\"3c731c1\" data-element_type=\"widget\" data-widget_type=\"text-editor.default\">\n\t\t\t\t<div class=\"elementor-widget-container\">\n\t\t\t\t\t\t\t<p>Acknowledgement is granted annually. This\ndistinction not only adds value to the brand and\nprofitability, but also certifies companies before\ntheir employees, investors, customers, authorities\nand society in general, as an organization voluntarily\nand publicly committed to socially responsible\nmanagement of its culture, and business strategy.\nYear after year, our social responsibility culture must\nbe maintained.<\/p>\t\t\t\t\t\t<\/div>\n\t\t\t\t<\/div>\n\t\t\t\t\t<\/div>\n\t\t<\/div>\n\t\t\t\t<div class=\"elementor-column elementor-col-20 elementor-top-column elementor-element elementor-element-7df87bd\" data-id=\"7df87bd\" data-element_type=\"column\">\n\t\t\t<div class=\"elementor-widget-wrap\">\n\t\t\t\t\t\t\t\t\t<\/div>\n\t\t<\/div>\n\t\t\t\t<div class=\"elementor-column elementor-col-20 elementor-top-column elementor-element elementor-element-a3f28ff animated-slow elementor-invisible\" data-id=\"a3f28ff\" data-element_type=\"column\" data-settings=\"{&quot;background_background&quot;:&quot;classic&quot;,&quot;animation&quot;:&quot;fadeInRight&quot;,&quot;animation_delay&quot;:800}\">\n\t\t\t<div class=\"elementor-widget-wrap elementor-element-populated\">\n\t\t\t\t\t\t\t\t<div class=\"elementor-element elementor-element-ea1dc6b elementor-widget elementor-widget-spacer\" data-id=\"ea1dc6b\" data-element_type=\"widget\" data-widget_type=\"spacer.default\">\n\t\t\t\t<div class=\"elementor-widget-container\">\n\t\t\t\t\t<div class=\"elementor-spacer\">\n\t\t\t<div class=\"elementor-spacer-inner\"><\/div>\n\t\t<\/div>\n\t\t\t\t<\/div>\n\t\t\t\t<\/div>\n\t\t\t\t<div class=\"elementor-element elementor-element-010c807 elementor-widget elementor-widget-image\" data-id=\"010c807\" data-element_type=\"widget\" data-widget_type=\"image.default\">\n\t\t\t\t<div class=\"elementor-widget-container\">\n\t\t\t\t\t\t\t\t\t\t\t\t\t\t\t<img width=\"150\" height=\"128\" src=\"https:\/\/villaserre.com\/wp-content\/uploads\/2024\/08\/ccof-1.png\" class=\"elementor-animation-pulse attachment-large size-large\" alt=\"\" srcset=\"https:\/\/villaserre.com\/wp-content\/uploads\/2024\/08\/ccof-1.png 150w, https:\/\/villaserre.com\/wp-content\/uploads\/2024\/08\/ccof-1-14x12.png 14w\" sizes=\"(max-width: 150px) 100vw, 150px\" style=\"width:100%;height:85.33%;max-width:150px\" \/>\t\t\t\t\t\t\t\t\t\t\t\t\t\t\t<\/div>\n\t\t\t\t<\/div>\n\t\t\t\t<div class=\"elementor-element elementor-element-0ba6c80 elementor-widget elementor-widget-heading\" data-id=\"0ba6c80\" data-element_type=\"widget\" data-widget_type=\"heading.default\">\n\t\t\t\t<div class=\"elementor-widget-container\">\n\t\t\t<h2 class=\"elementor-heading-title elementor-size-default\">California Certified Organic Farmers<\/h2>\t\t<\/div>\n\t\t\t\t<\/div>\n\t\t\t\t<div class=\"elementor-element elementor-element-61e0c41 elementor-widget elementor-widget-text-editor\" data-id=\"61e0c41\" data-element_type=\"widget\" data-widget_type=\"text-editor.default\">\n\t\t\t\t<div class=\"elementor-widget-container\">\n\t\t\t\t\t\t\t<p>This recognition ensures that our agricultural processes meet the highest standards of organic production, recognized globally. This certification not only supports our commitment to organic farming, but also guarantees that our products are grown without the use of synthetic pesticides, chemical fertilizers, or genetically modified organisms (GMOs). By implementing and maintaining these rigorous standards, we ensure that our products are not only healthy and safe but also environmentally friendly. Achieving the CCOF certification reinforces our commitment to sustainability and the production of the highest quality food for our consumers.<\/p>\t\t\t\t\t\t<\/div>\n\t\t\t\t<\/div>\n\t\t\t\t\t<\/div>\n\t\t<\/div>\n\t\t\t\t\t\t\t<\/div>\n\t\t<\/section>\n\t\t\t\t<section class=\"elementor-section elementor-top-section elementor-element elementor-element-accbb86 animated-slow elementor-section-boxed elementor-section-height-default elementor-section-height-default elementor-invisible\" data-id=\"accbb86\" data-element_type=\"section\" data-settings=\"{&quot;animation&quot;:&quot;fadeInUp&quot;,&quot;animation_delay&quot;:600}\">\n\t\t\t\t\t\t<div class=\"elementor-container elementor-column-gap-default\">\n\t\t\t\t\t<div class=\"elementor-column elementor-col-100 elementor-top-column elementor-element elementor-element-fed1d24\" data-id=\"fed1d24\" data-element_type=\"column\">\n\t\t\t<div class=\"elementor-widget-wrap\">\n\t\t\t\t\t\t\t\t\t<\/div>\n\t\t<\/div>\n\t\t\t\t\t\t\t<\/div>\n\t\t<\/section>\n\t\t\t\t<section class=\"elementor-section elementor-top-section elementor-element elementor-element-c9df59b elementor-section-boxed elementor-section-height-default elementor-section-height-default\" data-id=\"c9df59b\" data-element_type=\"section\">\n\t\t\t\t\t\t<div class=\"elementor-container elementor-column-gap-default\">\n\t\t\t\t\t<div class=\"elementor-column elementor-col-100 elementor-top-column elementor-element elementor-element-1d0452b\" data-id=\"1d0452b\" data-element_type=\"column\">\n\t\t\t<div class=\"elementor-widget-wrap elementor-element-populated\">\n\t\t\t\t\t\t\t\t<div class=\"elementor-element elementor-element-6414a36 elementor-widget elementor-widget-spacer\" data-id=\"6414a36\" data-element_type=\"widget\" data-widget_type=\"spacer.default\">\n\t\t\t\t<div class=\"elementor-widget-container\">\n\t\t\t\t\t<div class=\"elementor-spacer\">\n\t\t\t<div class=\"elementor-spacer-inner\"><\/div>\n\t\t<\/div>\n\t\t\t\t<\/div>\n\t\t\t\t<\/div>\n\t\t\t\t\t<\/div>\n\t\t<\/div>\n\t\t\t\t\t\t\t<\/div>\n\t\t<\/section>\n\t\t\t\t\t\t\t<\/div>","protected":false},"excerpt":{"rendered":"<p>Nuestra calidad es garant\u00eda certificada Nuestro trabajo est\u00e1 certificado con los m\u00e1s altos est\u00e1ndares de calidad para brindarte seguridad en nuestros productos y servicios \u00a0 Primus Auditing Ops Este esquema de auditoria totalmente reconocido, verifica que se cumpla con las BPA, BPM y sistemas de gesti\u00f3n de la seguridad alimentaria en todas las \u00e1reas. La&hellip; <a class=\"more-link\" href=\"https:\/\/villaserre.com\/en\/certificaciones\/\">Continue reading <span class=\"screen-reader-text\">Certifications<\/span><\/a><\/p>","protected":false},"author":1,"featured_media":0,"parent":0,"menu_order":0,"comment_status":"closed","ping_status":"closed","template":"elementor_header_footer","meta":{"_mi_skip_tracking":false},"acf":[],"yoast_head":"<!-- This site is optimized with the Yoast SEO plugin v19.2 - https:\/\/yoast.com\/wordpress\/plugins\/seo\/ -->\n<title>Certificaciones - VillaSerre<\/title>\n<meta name=\"robots\" content=\"index, follow, max-snippet:-1, max-image-preview:large, max-video-preview:-1\" \/>\n<link rel=\"canonical\" href=\"https:\/\/villaserre.com\/en\/certificaciones\/\" \/>\n<meta property=\"og:locale\" content=\"en_US\" \/>\n<meta property=\"og:type\" content=\"article\" \/>\n<meta property=\"og:title\" content=\"Certificaciones - VillaSerre\" \/>\n<meta property=\"og:description\" content=\"Nuestra calidad es garant\u00eda certificada Nuestro trabajo est\u00e1 certificado con los m\u00e1s altos est\u00e1ndares de calidad para brindarte seguridad en nuestros productos y servicios \u00a0 Primus Auditing Ops Este esquema de auditoria totalmente reconocido, verifica que se cumpla con las BPA, BPM y sistemas de gesti\u00f3n de la seguridad alimentaria en todas las \u00e1reas. La&hellip; Continue reading Certificaciones\" \/>\n<meta property=\"og:url\" content=\"https:\/\/villaserre.com\/en\/certificaciones\/\" \/>\n<meta property=\"og:site_name\" content=\"VillaSerre\" \/>\n<meta property=\"article:modified_time\" content=\"2024-08-30T00:06:04+00:00\" \/>\n<meta property=\"og:image\" content=\"https:\/\/villaserre.com\/wp-content\/uploads\/2021\/08\/atoms-logotype-certificaciones-color-primus.png\" \/>\n<meta name=\"author\" content=\"villa\" \/>\n<meta name=\"twitter:card\" content=\"summary_large_image\" \/>\n<meta name=\"twitter:label1\" content=\"Est. reading time\" \/>\n\t<meta name=\"twitter:data1\" content=\"2 minutes\" \/>\n<script type=\"application\/ld+json\" class=\"yoast-schema-graph\">{\"@context\":\"https:\/\/schema.org\",\"@graph\":[{\"@type\":\"WebSite\",\"@id\":\"https:\/\/villaserre.com\/#website\",\"url\":\"https:\/\/villaserre.com\/\",\"name\":\"VillaSerre\",\"description\":\"Quality Produce\",\"potentialAction\":[{\"@type\":\"SearchAction\",\"target\":{\"@type\":\"EntryPoint\",\"urlTemplate\":\"https:\/\/villaserre.com\/?s={search_term_string}\"},\"query-input\":\"required name=search_term_string\"}],\"inLanguage\":\"en-US\"},{\"@type\":\"ImageObject\",\"inLanguage\":\"en-US\",\"@id\":\"https:\/\/villaserre.com\/certificaciones\/#primaryimage\",\"url\":\"https:\/\/villaserre.com\/wp-content\/uploads\/2021\/08\/atoms-logotype-certificaciones-color-primus.png\",\"contentUrl\":\"https:\/\/villaserre.com\/wp-content\/uploads\/2021\/08\/atoms-logotype-certificaciones-color-primus.png\",\"width\":282,\"height\":128},{\"@type\":\"WebPage\",\"@id\":\"https:\/\/villaserre.com\/certificaciones\/#webpage\",\"url\":\"https:\/\/villaserre.com\/certificaciones\/\",\"name\":\"Certificaciones - VillaSerre\",\"isPartOf\":{\"@id\":\"https:\/\/villaserre.com\/#website\"},\"primaryImageOfPage\":{\"@id\":\"https:\/\/villaserre.com\/certificaciones\/#primaryimage\"},\"datePublished\":\"2021-08-23T04:49:49+00:00\",\"dateModified\":\"2024-08-30T00:06:04+00:00\",\"breadcrumb\":{\"@id\":\"https:\/\/villaserre.com\/certificaciones\/#breadcrumb\"},\"inLanguage\":\"en-US\",\"potentialAction\":[{\"@type\":\"ReadAction\",\"target\":[\"https:\/\/villaserre.com\/certificaciones\/\"]}]},{\"@type\":\"BreadcrumbList\",\"@id\":\"https:\/\/villaserre.com\/certificaciones\/#breadcrumb\",\"itemListElement\":[{\"@type\":\"ListItem\",\"position\":1,\"name\":\"Portada\",\"item\":\"https:\/\/villaserre.com\/\"},{\"@type\":\"ListItem\",\"position\":2,\"name\":\"Certificaciones\"}]}]}<\/script>\n<!-- \/ Yoast SEO plugin. -->","yoast_head_json":{"title":"Certificaciones - VillaSerre","robots":{"index":"index","follow":"follow","max-snippet":"max-snippet:-1","max-image-preview":"max-image-preview:large","max-video-preview":"max-video-preview:-1"},"canonical":"https:\/\/villaserre.com\/en\/certificaciones\/","og_locale":"en_US","og_type":"article","og_title":"Certificaciones - VillaSerre","og_description":"Nuestra calidad es garant\u00eda certificada Nuestro trabajo est\u00e1 certificado con los m\u00e1s altos est\u00e1ndares de calidad para brindarte seguridad en nuestros productos y servicios \u00a0 Primus Auditing Ops Este esquema de auditoria totalmente reconocido, verifica que se cumpla con las BPA, BPM y sistemas de gesti\u00f3n de la seguridad alimentaria en todas las \u00e1reas. La&hellip; Continue reading Certificaciones","og_url":"https:\/\/villaserre.com\/en\/certificaciones\/","og_site_name":"VillaSerre","article_modified_time":"2024-08-30T00:06:04+00:00","og_image":[{"url":"https:\/\/villaserre.com\/wp-content\/uploads\/2021\/08\/atoms-logotype-certificaciones-color-primus.png"}],"author":"villa","twitter_card":"summary_large_image","twitter_misc":{"Est. reading time":"2 minutes"},"schema":{"@context":"https:\/\/schema.org","@graph":[{"@type":"WebSite","@id":"https:\/\/villaserre.com\/#website","url":"https:\/\/villaserre.com\/","name":"VillaSerre","description":"Quality Produce","potentialAction":[{"@type":"SearchAction","target":{"@type":"EntryPoint","urlTemplate":"https:\/\/villaserre.com\/?s={search_term_string}"},"query-input":"required name=search_term_string"}],"inLanguage":"en-US"},{"@type":"ImageObject","inLanguage":"en-US","@id":"https:\/\/villaserre.com\/certificaciones\/#primaryimage","url":"https:\/\/villaserre.com\/wp-content\/uploads\/2021\/08\/atoms-logotype-certificaciones-color-primus.png","contentUrl":"https:\/\/villaserre.com\/wp-content\/uploads\/2021\/08\/atoms-logotype-certificaciones-color-primus.png","width":282,"height":128},{"@type":"WebPage","@id":"https:\/\/villaserre.com\/certificaciones\/#webpage","url":"https:\/\/villaserre.com\/certificaciones\/","name":"Certificaciones - VillaSerre","isPartOf":{"@id":"https:\/\/villaserre.com\/#website"},"primaryImageOfPage":{"@id":"https:\/\/villaserre.com\/certificaciones\/#primaryimage"},"datePublished":"2021-08-23T04:49:49+00:00","dateModified":"2024-08-30T00:06:04+00:00","breadcrumb":{"@id":"https:\/\/villaserre.com\/certificaciones\/#breadcrumb"},"inLanguage":"en-US","potentialAction":[{"@type":"ReadAction","target":["https:\/\/villaserre.com\/certificaciones\/"]}]},{"@type":"BreadcrumbList","@id":"https:\/\/villaserre.com\/certificaciones\/#breadcrumb","itemListElement":[{"@type":"ListItem","position":1,"name":"Portada","item":"https:\/\/villaserre.com\/"},{"@type":"ListItem","position":2,"name":"Certificaciones"}]}]}},"_links":{"self":[{"href":"https:\/\/villaserre.com\/en\/wp-json\/wp\/v2\/pages\/189"}],"collection":[{"href":"https:\/\/villaserre.com\/en\/wp-json\/wp\/v2\/pages"}],"about":[{"href":"https:\/\/villaserre.com\/en\/wp-json\/wp\/v2\/types\/page"}],"author":[{"embeddable":true,"href":"https:\/\/villaserre.com\/en\/wp-json\/wp\/v2\/users\/1"}],"replies":[{"embeddable":true,"href":"https:\/\/villaserre.com\/en\/wp-json\/wp\/v2\/comments?post=189"}],"version-history":[{"count":143,"href":"https:\/\/villaserre.com\/en\/wp-json\/wp\/v2\/pages\/189\/revisions"}],"predecessor-version":[{"id":4658,"href":"https:\/\/villaserre.com\/en\/wp-json\/wp\/v2\/pages\/189\/revisions\/4658"}],"wp:attachment":[{"href":"https:\/\/villaserre.com\/en\/wp-json\/wp\/v2\/media?parent=189"}],"curies":[{"name":"wp","href":"https:\/\/api.w.org\/{rel}","templated":true}]}}