{"id":1401,"date":"2021-09-04T20:11:03","date_gmt":"2021-09-04T20:11:03","guid":{"rendered":"https:\/\/www.villaserre.com\/?page_id=1401"},"modified":"2021-10-05T21:07:50","modified_gmt":"2021-10-05T21:07:50","slug":"aviso-de-privacidad","status":"publish","type":"page","link":"https:\/\/villaserre.com\/fr\/aviso-de-privacidad\/","title":{"rendered":"Aviso de privacidad"},"content":{"rendered":"<div data-elementor-type=\"wp-page\" data-elementor-id=\"1401\" class=\"elementor elementor-1401\">\n\t\t\t\t\t\t\t\t\t<section class=\"elementor-section elementor-top-section elementor-element elementor-element-5f25451 animated-slow elementor-section-boxed elementor-section-height-default elementor-section-height-default elementor-invisible\" data-id=\"5f25451\" data-element_type=\"section\" data-settings=\"{&quot;animation&quot;:&quot;fadeInUp&quot;,&quot;animation_delay&quot;:600}\">\n\t\t\t\t\t\t<div class=\"elementor-container elementor-column-gap-default\">\n\t\t\t\t\t<div class=\"elementor-column elementor-col-100 elementor-top-column elementor-element elementor-element-4df1b16\" data-id=\"4df1b16\" data-element_type=\"column\">\n\t\t\t<div class=\"elementor-widget-wrap elementor-element-populated\">\n\t\t\t\t\t\t\t\t<div class=\"elementor-element elementor-element-a955997 elementor-widget elementor-widget-heading\" data-id=\"a955997\" data-element_type=\"widget\" data-widget_type=\"heading.default\">\n\t\t\t\t<div class=\"elementor-widget-container\">\n\t\t\t<style>\/*! elementor - v3.6.7 - 03-07-2022 *\/\n.elementor-heading-title{padding:0;margin:0;line-height:1}.elementor-widget-heading .elementor-heading-title[class*=elementor-size-]>a{color:inherit;font-size:inherit;line-height:inherit}.elementor-widget-heading .elementor-heading-title.elementor-size-small{font-size:15px}.elementor-widget-heading .elementor-heading-title.elementor-size-medium{font-size:19px}.elementor-widget-heading .elementor-heading-title.elementor-size-large{font-size:29px}.elementor-widget-heading .elementor-heading-title.elementor-size-xl{font-size:39px}.elementor-widget-heading .elementor-heading-title.elementor-size-xxl{font-size:59px}<\/style><h2 class=\"elementor-heading-title elementor-size-default\">AVIS DE CONFIDENTIALIT\u00c9<\/h2>\t\t<\/div>\n\t\t\t\t<\/div>\n\t\t\t\t\t<\/div>\n\t\t<\/div>\n\t\t\t\t\t\t\t<\/div>\n\t\t<\/section>\n\t\t\t\t<section class=\"elementor-section elementor-top-section elementor-element elementor-element-4b544bf animated-slow elementor-section-boxed elementor-section-height-default elementor-section-height-default elementor-invisible\" data-id=\"4b544bf\" data-element_type=\"section\" data-settings=\"{&quot;animation&quot;:&quot;fadeInUp&quot;,&quot;animation_delay&quot;:600}\">\n\t\t\t\t\t\t<div class=\"elementor-container elementor-column-gap-default\">\n\t\t\t\t\t<div class=\"elementor-column elementor-col-100 elementor-top-column elementor-element elementor-element-794b6b6\" data-id=\"794b6b6\" data-element_type=\"column\">\n\t\t\t<div class=\"elementor-widget-wrap elementor-element-populated\">\n\t\t\t\t\t\t\t\t<div class=\"elementor-element elementor-element-234c002 elementor-widget elementor-widget-text-editor\" data-id=\"234c002\" data-element_type=\"widget\" data-widget_type=\"text-editor.default\">\n\t\t\t\t<div class=\"elementor-widget-container\">\n\t\t\t<style>\/*! elementor - v3.6.7 - 03-07-2022 *\/\n.elementor-widget-text-editor.elementor-drop-cap-view-stacked .elementor-drop-cap{background-color:#818a91;color:#fff}.elementor-widget-text-editor.elementor-drop-cap-view-framed .elementor-drop-cap{color:#818a91;border:3px solid;background-color:transparent}.elementor-widget-text-editor:not(.elementor-drop-cap-view-default) .elementor-drop-cap{margin-top:8px}.elementor-widget-text-editor:not(.elementor-drop-cap-view-default) .elementor-drop-cap-letter{width:1em;height:1em}.elementor-widget-text-editor .elementor-drop-cap{float:left;text-align:center;line-height:1;font-size:50px}.elementor-widget-text-editor .elementor-drop-cap-letter{display:inline-block}<\/style>\t\t\t\t<p>VILLASERRE S DE PR DE RL CV., plus connue sous le nom de Villaserre, domicili\u00e9e \u00e0 Calle <br \/>Palenque 7 A, Colonia Marfil, dans la ville de Guanajuato, Guanajuato, Mexique, C.P. 36250 et portail <br \/>internet www.villaserre.com\/ www.villaserre.mx \/ www.villaserre.com.mx, est <br \/>responsable de l'utilisation et de la protection de vos donn\u00e9es personnelles, et \u00e0 cet \u00e9gard nous vous informons de ce <br \/>qui suit : <br \/>Villaserre utilisera vos donn\u00e9es personnelles aux fins suivantes qui sont n\u00e9cessaires pour\nle service que <br \/>vous demandez :<br \/>\u2022 Uniquement aux fins qui vous ont \u00e9t\u00e9 fournies, que ce soit pour commentaires et <br \/>suggestions, demandes d'emploi ou de prestation de services. <br \/>A ces fins, Villaserre utilisera les donn\u00e9es personnelles suivantes : <br \/>\u2022 Nom <br \/>\u2022 \u00c2ge <br \/>\u2022 Nationalit\u00e9 <br \/>\u2022 Sexe<br \/>\u2022 T\u00e9l\u00e9phone <br \/>\u2022 Adresse <br \/>\u2022 Courrier \u00e9lectronique <br \/>Comment pouvez-vous acc\u00e9der, rectifier ou annuler vos donn\u00e9es personnelles, ou vous opposer \u00e0 leur utilisation ? <br \/>Vous avez le droit de savoir quelles sont les donn\u00e9es personnelles dont nous disposons \u00e0 votre sujet, \u00e0 quoi nous les utilisons <br \/>et les conditions d'utilisation que nous leur donnons (Acc\u00e8s). De m\u00eame, vous avez le droit de demander <br \/>la correction de vos informations personnelles si elles sont p\u00e9rim\u00e9es, inexactes <br \/>ou incompl\u00e8tes (Rectification) ; que nous le supprimions de nos archives ou bases de donn\u00e9es lorsque vous <br \/>vous consid\u00e9rez qu\u2019elles ne sont pas utilis\u00e9es correctement (Annulation) ; ainsi que <br \/>de vous opposer \u00e0 l'utilisation de vos donn\u00e9es personnelles \u00e0 des fins sp\u00e9cifiques (Opposition). Ces droits sont <br \/>appel\u00e9s droits ARCO. <br \/>Pour exercer l'un des droits ARCO, vous devez soumettre la demande <br \/>correspondante par les moyens suivants : <br \/>Pour vous d\u00e9sabonner de vos donn\u00e9es personnelles, veuillez envoyer un e-mail avec les donn\u00e9es <br \/>que vous souhaitez supprimer \u00e0 l'email info@villaserre.com <br \/>Pour conna\u00eetre la proc\u00e9dure et les conditions d'exercice des droits ARCO, nous mettons \u00e0 <br \/>votre disposition les moyens suivants : <br \/>Courriel : info@villaserre.com <br \/>Les coordonn\u00e9es de la personne ou du service des donn\u00e9es personnelles, qui est en charge du <br \/>traitement des demandes de droits ARCO, sont les suivantes : <br \/>a) Service Juridique<br \/>b) Adresse : Av. Insurgentes 3356, 7e \u00e9tage, Immeuble Puerta Baj\u00edo, Colonia Cumbres del <br \/>Campestre, L\u00e9on, Guanajuato.<br \/>c) Courriel : info@villaserre.com <br \/>Vous pouvez r\u00e9voquer votre consentement \u00e0 l'utilisation de vos donn\u00e9es personnelles <br \/>Vous pouvez r\u00e9voquer le consentement que, le cas \u00e9ch\u00e9ant, vous nous avez donn\u00e9 pour le traitement <br \/>de vos donn\u00e9es personnelles. Cependant, il est important que vous gardiez \u00e0 l'esprit que nous ne pourrons pas dans tous les cas <br \/>cas r\u00e9pondre \u00e0 votre demande ou mettre fin \u00e0 l'utilisation imm\u00e9diatement, car il est possible <br \/>qu'en raison d'une obligation l\u00e9gale, nous puissions exiger de continuer \u00e0 traiter vos donn\u00e9es personnelles. De m\u00eame, vous devez <br \/>devez consid\u00e9rer qu'\u00e0 certaines fins, la r\u00e9vocation de votre consentement impliquera que nous <br \/>ne pouvons pas continuer \u00e0 fournir le service que vous avez demand\u00e9, ou la fin de votre <br \/>relation avec nous. <br \/>Pour r\u00e9voquer votre consentement, vous devez soumettre votre demande par les moyens suivants : <br \/>Courriel : info@villaserre.com <br \/>Pour conna\u00eetre la proc\u00e9dure et les conditions de r\u00e9vocation du consentement, nous mettons \u00e0 <br \/>votre disposition les moyens suivants : <br \/>Envoyer un e-mail : info@villaserre.com<br \/>Comment pouvez-vous \u00eatre inform\u00e9 des modifications apport\u00e9es \u00e0 cet avis de confidentialit\u00e9 ? <br \/>Afin de limiter l'utilisation et la divulgation de vos informations personnelles, nous <br \/>vous proposons les moyens suivants : <br \/>Envoyer un email \u00e0 l'adresse : info@villaserre.com <br \/>Comment pouvez-vous \u00eatre inform\u00e9 des modifications apport\u00e9es \u00e0 cet avis de confidentialit\u00e9 ? <br \/>Cet avis de confidentialit\u00e9 peut subir des modifications, des changements ou des <br \/>mises \u00e0 jour d\u00e9coulant de nouvelles exigences l\u00e9gales ; de nos propres besoins pour les produits ou services <br \/>que nous offrons ; de nos pratiques de confidentialit\u00e9 ; <br \/>Changements dans notre mod\u00e8le d'affaires, ou d'autres causes. <br \/>Nous nous engageons \u00e0 vous tenir inform\u00e9s de la proc\u00e9dure et des modifications ou mises <br \/>mises \u00e0 jour que cet avis de confidentialit\u00e9 pourrait subir, via notre site <br \/>Web : www.villaserre.com\/ www.villaserre.mx. \/www.villaserre.com.mx <br \/>Ce qui pr\u00e9c\u00e8de est bas\u00e9 sur les articles applicables de la loi f\u00e9d\u00e9rale sur la protection des donn\u00e9es personnelles <br \/>d\u00e9tenues par des personnes priv\u00e9es.<\/p>\t\t\t\t\t\t<\/div>\n\t\t\t\t<\/div>\n\t\t\t\t\t<\/div>\n\t\t<\/div>\n\t\t\t\t\t\t\t<\/div>\n\t\t<\/section>\n\t\t\t\t<section class=\"elementor-section elementor-top-section elementor-element elementor-element-f1ff57b elementor-section-boxed elementor-section-height-default elementor-section-height-default\" data-id=\"f1ff57b\" data-element_type=\"section\">\n\t\t\t\t\t\t<div class=\"elementor-container elementor-column-gap-default\">\n\t\t\t\t\t<div class=\"elementor-column elementor-col-100 elementor-top-column elementor-element elementor-element-19ed863\" data-id=\"19ed863\" data-element_type=\"column\">\n\t\t\t<div class=\"elementor-widget-wrap elementor-element-populated\">\n\t\t\t\t\t\t\t\t<div class=\"elementor-element elementor-element-69cfff0 elementor-widget elementor-widget-spacer\" data-id=\"69cfff0\" data-element_type=\"widget\" data-widget_type=\"spacer.default\">\n\t\t\t\t<div class=\"elementor-widget-container\">\n\t\t\t<style>\/*! elementor - v3.6.7 - 03-07-2022 *\/\n.e-container.e-container--row .elementor-spacer-inner{width:var(--spacer-size)}.e-container.e-container--column .elementor-spacer-inner,.elementor-column .elementor-spacer-inner{height:var(--spacer-size)}<\/style>\t\t<div class=\"elementor-spacer\">\n\t\t\t<div class=\"elementor-spacer-inner\"><\/div>\n\t\t<\/div>\n\t\t\t\t<\/div>\n\t\t\t\t<\/div>\n\t\t\t\t\t<\/div>\n\t\t<\/div>\n\t\t\t\t\t\t\t<\/div>\n\t\t<\/section>\n\t\t\t\t<section class=\"elementor-section elementor-top-section elementor-element elementor-element-b4f8259 elementor-section-boxed elementor-section-height-default elementor-section-height-default\" data-id=\"b4f8259\" data-element_type=\"section\">\n\t\t\t\t\t\t<div class=\"elementor-container elementor-column-gap-default\">\n\t\t\t\t\t<div class=\"elementor-column elementor-col-100 elementor-top-column elementor-element elementor-element-9ab43e0\" data-id=\"9ab43e0\" data-element_type=\"column\">\n\t\t\t<div class=\"elementor-widget-wrap elementor-element-populated\">\n\t\t\t\t\t\t\t\t<div class=\"elementor-element elementor-element-5c588bf elementor-fixed elementor-hidden-tablet elementor-hidden-mobile elementor-view-default elementor-widget elementor-widget-icon\" data-id=\"5c588bf\" data-element_type=\"widget\" data-settings=\"{&quot;_position&quot;:&quot;fixed&quot;}\" data-widget_type=\"icon.default\">\n\t\t\t\t<div class=\"elementor-widget-container\">\n\t\t\t\t\t<div class=\"elementor-icon-wrapper\">\n\t\t\t<div class=\"elementor-icon\">\n\t\t\t<i aria-hidden=\"true\" class=\"icon icon-chat-1\"><\/i>\t\t\t<\/div>\n\t\t<\/div>\n\t\t\t\t<\/div>\n\t\t\t\t<\/div>\n\t\t\t\t\t<\/div>\n\t\t<\/div>\n\t\t\t\t\t\t\t<\/div>\n\t\t<\/section>\n\t\t\t\t\t\t\t<\/div>","protected":false},"excerpt":{"rendered":"<p>AVISO DE PRIVACIDAD VILLASERRE S DE PR DE RL CV., mejor conocido como Villaserre, con domicilio en calle Palenque 7 A, Colonia Marfil, en la ciudad Guanajuato, Guanajuato, Me\u0301xico, C.P. 36250 y portal de internet www.villaserre.com\/ www.villaserre.mx \/ www.villaserre.com.mx, es el responsable del uso y proteccio\u0301n de sus datos personales, y al respecto le informamos&hellip; <a class=\"more-link\" href=\"https:\/\/villaserre.com\/fr\/aviso-de-privacidad\/\">Poursuivre la lecture <span class=\"screen-reader-text\">Aviso de privacidad<\/span><\/a><\/p>","protected":false},"author":1,"featured_media":0,"parent":0,"menu_order":0,"comment_status":"closed","ping_status":"closed","template":"elementor_header_footer","meta":{"_mi_skip_tracking":false},"acf":[],"yoast_head":"<!-- This site is optimized with the Yoast SEO plugin v19.2 - https:\/\/yoast.com\/wordpress\/plugins\/seo\/ -->\n<title>Aviso de privacidad - VillaSerre<\/title>\n<meta name=\"robots\" content=\"index, follow, max-snippet:-1, max-image-preview:large, max-video-preview:-1\" \/>\n<link rel=\"canonical\" href=\"https:\/\/villaserre.com\/fr\/aviso-de-privacidad\/\" \/>\n<meta property=\"og:locale\" content=\"fr_FR\" \/>\n<meta property=\"og:type\" content=\"article\" \/>\n<meta property=\"og:title\" content=\"Aviso de privacidad - VillaSerre\" \/>\n<meta property=\"og:description\" content=\"AVISO DE PRIVACIDAD VILLASERRE S DE PR DE RL CV., mejor conocido como Villaserre, con domicilio en calle Palenque 7 A, Colonia Marfil, en la ciudad Guanajuato, Guanajuato, Me\u0301xico, C.P. 36250 y portal de internet www.villaserre.com\/ www.villaserre.mx \/ www.villaserre.com.mx, es el responsable del uso y proteccio\u0301n de sus datos personales, y al respecto le informamos&hellip; Poursuivre la lecture Aviso de privacidad\" \/>\n<meta property=\"og:url\" content=\"https:\/\/villaserre.com\/fr\/aviso-de-privacidad\/\" \/>\n<meta property=\"og:site_name\" content=\"VillaSerre\" \/>\n<meta property=\"article:modified_time\" content=\"2021-10-05T21:07:50+00:00\" \/>\n<meta name=\"author\" content=\"villa\" \/>\n<meta name=\"twitter:card\" content=\"summary_large_image\" \/>\n<meta name=\"twitter:label1\" content=\"Dur\u00e9e de lecture estim\u00e9e\" \/>\n\t<meta name=\"twitter:data1\" content=\"3 minutes\" \/>\n<script type=\"application\/ld+json\" class=\"yoast-schema-graph\">{\"@context\":\"https:\/\/schema.org\",\"@graph\":[{\"@type\":\"WebSite\",\"@id\":\"https:\/\/villaserre.com\/#website\",\"url\":\"https:\/\/villaserre.com\/\",\"name\":\"VillaSerre\",\"description\":\"Quality Produce\",\"potentialAction\":[{\"@type\":\"SearchAction\",\"target\":{\"@type\":\"EntryPoint\",\"urlTemplate\":\"https:\/\/villaserre.com\/?s={search_term_string}\"},\"query-input\":\"required name=search_term_string\"}],\"inLanguage\":\"fr-FR\"},{\"@type\":\"WebPage\",\"@id\":\"https:\/\/villaserre.com\/fr\/aviso-de-privacidad\/#webpage\",\"url\":\"https:\/\/villaserre.com\/fr\/aviso-de-privacidad\/\",\"name\":\"Aviso de privacidad - VillaSerre\",\"isPartOf\":{\"@id\":\"https:\/\/villaserre.com\/#website\"},\"datePublished\":\"2021-09-04T20:11:03+00:00\",\"dateModified\":\"2021-10-05T21:07:50+00:00\",\"breadcrumb\":{\"@id\":\"https:\/\/villaserre.com\/fr\/aviso-de-privacidad\/#breadcrumb\"},\"inLanguage\":\"fr-FR\",\"potentialAction\":[{\"@type\":\"ReadAction\",\"target\":[\"https:\/\/villaserre.com\/fr\/aviso-de-privacidad\/\"]}]},{\"@type\":\"BreadcrumbList\",\"@id\":\"https:\/\/villaserre.com\/fr\/aviso-de-privacidad\/#breadcrumb\",\"itemListElement\":[{\"@type\":\"ListItem\",\"position\":1,\"name\":\"Portada\",\"item\":\"https:\/\/villaserre.com\/\"},{\"@type\":\"ListItem\",\"position\":2,\"name\":\"Aviso de privacidad\"}]}]}<\/script>\n<!-- \/ Yoast SEO plugin. -->","yoast_head_json":{"title":"Aviso de privacidad - VillaSerre","robots":{"index":"index","follow":"follow","max-snippet":"max-snippet:-1","max-image-preview":"max-image-preview:large","max-video-preview":"max-video-preview:-1"},"canonical":"https:\/\/villaserre.com\/fr\/aviso-de-privacidad\/","og_locale":"fr_FR","og_type":"article","og_title":"Aviso de privacidad - VillaSerre","og_description":"AVISO DE PRIVACIDAD VILLASERRE S DE PR DE RL CV., mejor conocido como Villaserre, con domicilio en calle Palenque 7 A, Colonia Marfil, en la ciudad Guanajuato, Guanajuato, Me\u0301xico, C.P. 36250 y portal de internet www.villaserre.com\/ www.villaserre.mx \/ www.villaserre.com.mx, es el responsable del uso y proteccio\u0301n de sus datos personales, y al respecto le informamos&hellip; Poursuivre la lecture Aviso de privacidad","og_url":"https:\/\/villaserre.com\/fr\/aviso-de-privacidad\/","og_site_name":"VillaSerre","article_modified_time":"2021-10-05T21:07:50+00:00","author":"villa","twitter_card":"summary_large_image","twitter_misc":{"Dur\u00e9e de lecture estim\u00e9e":"3 minutes"},"schema":{"@context":"https:\/\/schema.org","@graph":[{"@type":"WebSite","@id":"https:\/\/villaserre.com\/#website","url":"https:\/\/villaserre.com\/","name":"VillaSerre","description":"Quality Produce","potentialAction":[{"@type":"SearchAction","target":{"@type":"EntryPoint","urlTemplate":"https:\/\/villaserre.com\/?s={search_term_string}"},"query-input":"required name=search_term_string"}],"inLanguage":"fr-FR"},{"@type":"WebPage","@id":"https:\/\/villaserre.com\/fr\/aviso-de-privacidad\/#webpage","url":"https:\/\/villaserre.com\/fr\/aviso-de-privacidad\/","name":"Aviso de privacidad - VillaSerre","isPartOf":{"@id":"https:\/\/villaserre.com\/#website"},"datePublished":"2021-09-04T20:11:03+00:00","dateModified":"2021-10-05T21:07:50+00:00","breadcrumb":{"@id":"https:\/\/villaserre.com\/fr\/aviso-de-privacidad\/#breadcrumb"},"inLanguage":"fr-FR","potentialAction":[{"@type":"ReadAction","target":["https:\/\/villaserre.com\/fr\/aviso-de-privacidad\/"]}]},{"@type":"BreadcrumbList","@id":"https:\/\/villaserre.com\/fr\/aviso-de-privacidad\/#breadcrumb","itemListElement":[{"@type":"ListItem","position":1,"name":"Portada","item":"https:\/\/villaserre.com\/"},{"@type":"ListItem","position":2,"name":"Aviso de privacidad"}]}]}},"_links":{"self":[{"href":"https:\/\/villaserre.com\/fr\/wp-json\/wp\/v2\/pages\/1401"}],"collection":[{"href":"https:\/\/villaserre.com\/fr\/wp-json\/wp\/v2\/pages"}],"about":[{"href":"https:\/\/villaserre.com\/fr\/wp-json\/wp\/v2\/types\/page"}],"author":[{"embeddable":true,"href":"https:\/\/villaserre.com\/fr\/wp-json\/wp\/v2\/users\/1"}],"replies":[{"embeddable":true,"href":"https:\/\/villaserre.com\/fr\/wp-json\/wp\/v2\/comments?post=1401"}],"version-history":[{"count":49,"href":"https:\/\/villaserre.com\/fr\/wp-json\/wp\/v2\/pages\/1401\/revisions"}],"predecessor-version":[{"id":3416,"href":"https:\/\/villaserre.com\/fr\/wp-json\/wp\/v2\/pages\/1401\/revisions\/3416"}],"wp:attachment":[{"href":"https:\/\/villaserre.com\/fr\/wp-json\/wp\/v2\/media?parent=1401"}],"curies":[{"name":"wp","href":"https:\/\/api.w.org\/{rel}","templated":true}]}}